{"id":317,"date":"2024-11-26T11:42:14","date_gmt":"2024-11-26T11:42:14","guid":{"rendered":"https:\/\/accidentes.abogado\/inicio\/?page_id=317"},"modified":"2024-11-26T11:48:45","modified_gmt":"2024-11-26T11:48:45","slug":"blog","status":"publish","type":"page","link":"https:\/\/accidentes.abogado\/inicio\/blog\/","title":{"rendered":"Blog"},"content":{"rendered":"\t\t<div data-elementor-type=\"wp-page\" data-elementor-id=\"317\" class=\"elementor elementor-317\" data-elementor-post-type=\"page\">\n\t\t\t\t<div class=\"elementor-element elementor-element-db50325 e-flex e-con-boxed e-con e-parent\" data-id=\"db50325\" data-element_type=\"container\">\n\t\t\t\t\t<div class=\"e-con-inner\">\n\t\t\t\t<div class=\"elementor-element elementor-element-81c4587 elementor-widget elementor-widget-heading\" data-id=\"81c4587\" data-element_type=\"widget\" data-widget_type=\"heading.default\">\n\t\t\t\t<div class=\"elementor-widget-container\">\n\t\t\t\t\t<h2 class=\"elementor-heading-title elementor-size-default\">Blog del Abogado de Accidentes de tr\u00e1fico<\/h2>\t\t\t\t<\/div>\n\t\t\t\t<\/div>\n\t\t\t\t<div class=\"elementor-element elementor-element-06e5508 elementor-grid-3 elementor-grid-tablet-2 elementor-grid-mobile-1 elementor-posts--thumbnail-top elementor-widget elementor-widget-posts\" data-id=\"06e5508\" data-element_type=\"widget\" data-settings=\"{&quot;pagination_type&quot;:&quot;numbers_and_prev_next&quot;,&quot;classic_columns&quot;:&quot;3&quot;,&quot;classic_columns_tablet&quot;:&quot;2&quot;,&quot;classic_columns_mobile&quot;:&quot;1&quot;,&quot;classic_row_gap&quot;:{&quot;unit&quot;:&quot;px&quot;,&quot;size&quot;:35,&quot;sizes&quot;:[]},&quot;classic_row_gap_tablet&quot;:{&quot;unit&quot;:&quot;px&quot;,&quot;size&quot;:&quot;&quot;,&quot;sizes&quot;:[]},&quot;classic_row_gap_mobile&quot;:{&quot;unit&quot;:&quot;px&quot;,&quot;size&quot;:&quot;&quot;,&quot;sizes&quot;:[]}}\" data-widget_type=\"posts.classic\">\n\t\t\t\t<div class=\"elementor-widget-container\">\n\t\t\t\t\t\t\t<div class=\"elementor-posts-container elementor-posts elementor-posts--skin-classic elementor-grid\">\n\t\t\t\t<article class=\"elementor-post elementor-grid-item post-203 post type-post status-publish format-standard hentry category-uncategorized\">\n\t\t\t\t<div class=\"elementor-post__text\">\n\t\t\t\t<h3 class=\"elementor-post__title\">\n\t\t\t<a href=\"https:\/\/accidentes.abogado\/inicio\/que-hacer-en-caso-de-atropello\/\" >\n\t\t\t\t\u00bfQu\u00e9 hacer en caso de atropello?\t\t\t<\/a>\n\t\t<\/h3>\n\t\t\t\t<div class=\"elementor-post__excerpt\">\n\t\t\t<p>Como\u00a0profesionales jur\u00eddicos especializados en la reclamaci\u00f3n de da\u00f1os sufridos en un accidente de tr\u00e1fico o atropello, nos encontramos en numerosas ocasiones con la siguiente pregunta<\/p>\n\t\t<\/div>\n\t\t\n\t\t<a class=\"elementor-post__read-more\" href=\"https:\/\/accidentes.abogado\/inicio\/que-hacer-en-caso-de-atropello\/\" aria-label=\"M\u00e1s informaci\u00f3n sobre \u00bfQu\u00e9 hacer en caso de atropello?\" tabindex=\"-1\" >\n\t\t\tLeer m\u00e1s \u00bb\t\t<\/a>\n\n\t\t\t\t<\/div>\n\t\t\t\t<\/article>\n\t\t\t\t<article class=\"elementor-post elementor-grid-item post-201 post type-post status-publish format-standard hentry category-uncategorized\">\n\t\t\t\t<div class=\"elementor-post__text\">\n\t\t\t\t<h3 class=\"elementor-post__title\">\n\t\t\t<a href=\"https:\/\/accidentes.abogado\/inicio\/indemnizacion-al-copiloto-en-accidente-de-trafico-derechos-para-los-ocupantes\/\" >\n\t\t\t\tIndemnizaci\u00f3n al copiloto en accidente de tr\u00e1fico. Derechos para los Ocupantes\t\t\t<\/a>\n\t\t<\/h3>\n\t\t\t\t<div class=\"elementor-post__excerpt\">\n\t\t\t<p>Cuando se produce un accidente de tr\u00e1fico puede ocurrir que el conductor sea culpable del siniestro o no. En cualquier caso,\u00a0\u00bfqu\u00e9 ocurre con el acompa\u00f1ante?,<\/p>\n\t\t<\/div>\n\t\t\n\t\t<a class=\"elementor-post__read-more\" href=\"https:\/\/accidentes.abogado\/inicio\/indemnizacion-al-copiloto-en-accidente-de-trafico-derechos-para-los-ocupantes\/\" aria-label=\"M\u00e1s informaci\u00f3n sobre Indemnizaci\u00f3n al copiloto en accidente de tr\u00e1fico. Derechos para los Ocupantes\" tabindex=\"-1\" >\n\t\t\tLeer m\u00e1s \u00bb\t\t<\/a>\n\n\t\t\t\t<\/div>\n\t\t\t\t<\/article>\n\t\t\t\t<article class=\"elementor-post elementor-grid-item post-199 post type-post status-publish format-standard hentry category-uncategorized\">\n\t\t\t\t<div class=\"elementor-post__text\">\n\t\t\t\t<h3 class=\"elementor-post__title\">\n\t\t\t<a href=\"https:\/\/accidentes.abogado\/inicio\/secuelas-en-un-accidente-de-trafico\/\" >\n\t\t\t\tSecuelas en un accidente de tr\u00e1fico\t\t\t<\/a>\n\t\t<\/h3>\n\t\t\t\t<div class=\"elementor-post__excerpt\">\n\t\t\t<p>Las secuelas son las deficiencias org\u00e1nicas, f\u00edsicas, sensoriales e intelectuales y los perjuicios est\u00e9ticos producidos por una lesi\u00f3n persistente. Despu\u00e9s de haber finalizado el proceso<\/p>\n\t\t<\/div>\n\t\t\n\t\t<a class=\"elementor-post__read-more\" href=\"https:\/\/accidentes.abogado\/inicio\/secuelas-en-un-accidente-de-trafico\/\" aria-label=\"M\u00e1s informaci\u00f3n sobre Secuelas en un accidente de tr\u00e1fico\" tabindex=\"-1\" >\n\t\t\tLeer m\u00e1s \u00bb\t\t<\/a>\n\n\t\t\t\t<\/div>\n\t\t\t\t<\/article>\n\t\t\t\t<article class=\"elementor-post elementor-grid-item post-196 post type-post status-publish format-standard hentry category-uncategorized\">\n\t\t\t\t<div class=\"elementor-post__text\">\n\t\t\t\t<h3 class=\"elementor-post__title\">\n\t\t\t<a href=\"https:\/\/accidentes.abogado\/inicio\/indemnizacion-si-las-lesiones-empeoran\/\" >\n\t\t\t\tIndemnizaci\u00f3n si las lesiones empeoran\t\t\t<\/a>\n\t\t<\/h3>\n\t\t\t\t<div class=\"elementor-post__excerpt\">\n\t\t\t<p>Para reclamar una\u00a0indemnizaci\u00f3n si las lesiones empeoran\u00a0se deben cumplir unas condiciones. Como que hayan sido indemnizadas con anterioridad y se agravan considerablemente y si son<\/p>\n\t\t<\/div>\n\t\t\n\t\t<a class=\"elementor-post__read-more\" href=\"https:\/\/accidentes.abogado\/inicio\/indemnizacion-si-las-lesiones-empeoran\/\" aria-label=\"M\u00e1s informaci\u00f3n sobre Indemnizaci\u00f3n si las lesiones empeoran\" tabindex=\"-1\" >\n\t\t\tLeer m\u00e1s \u00bb\t\t<\/a>\n\n\t\t\t\t<\/div>\n\t\t\t\t<\/article>\n\t\t\t\t<article class=\"elementor-post elementor-grid-item post-194 post type-post status-publish format-standard hentry category-uncategorized\">\n\t\t\t\t<div class=\"elementor-post__text\">\n\t\t\t\t<h3 class=\"elementor-post__title\">\n\t\t\t<a href=\"https:\/\/accidentes.abogado\/inicio\/indemnizacion-por-atropello-a-peatones-y-ciclistas\/\" >\n\t\t\t\tIndemnizaci\u00f3n por atropello a peatones y ciclistas\t\t\t<\/a>\n\t\t<\/h3>\n\t\t\t\t<div class=\"elementor-post__excerpt\">\n\t\t\t<p>Seg\u00fan el Reglamento General de Circulaci\u00f3n,\u00a0\u00abLos veh\u00edculos a motor y los remolques deber\u00e1n ceder el paso a los peatones que crucen la calzada por las<\/p>\n\t\t<\/div>\n\t\t\n\t\t<a class=\"elementor-post__read-more\" href=\"https:\/\/accidentes.abogado\/inicio\/indemnizacion-por-atropello-a-peatones-y-ciclistas\/\" aria-label=\"M\u00e1s informaci\u00f3n sobre Indemnizaci\u00f3n por atropello a peatones y ciclistas\" tabindex=\"-1\" >\n\t\t\tLeer m\u00e1s \u00bb\t\t<\/a>\n\n\t\t\t\t<\/div>\n\t\t\t\t<\/article>\n\t\t\t\t<article class=\"elementor-post elementor-grid-item post-192 post type-post status-publish format-standard hentry category-uncategorized\">\n\t\t\t\t<div class=\"elementor-post__text\">\n\t\t\t\t<h3 class=\"elementor-post__title\">\n\t\t\t<a href=\"https:\/\/accidentes.abogado\/inicio\/reclamar-una-indemnizacion-por-accidente\/\" >\n\t\t\t\tReclamar una indemnizaci\u00f3n por accidente\t\t\t<\/a>\n\t\t<\/h3>\n\t\t\t\t<div class=\"elementor-post__excerpt\">\n\t\t\t<p>Realizar la reclamaci\u00f3n por accidente es algo totalmente normal, pero esto nos hace preguntarnos \u00bfC\u00f3mo podemos realizar la reclamaci\u00f3n? \u00bfCu\u00e1les son los entes encargados? \u00bfQu\u00e9<\/p>\n\t\t<\/div>\n\t\t\n\t\t<a class=\"elementor-post__read-more\" href=\"https:\/\/accidentes.abogado\/inicio\/reclamar-una-indemnizacion-por-accidente\/\" aria-label=\"M\u00e1s informaci\u00f3n sobre Reclamar una indemnizaci\u00f3n por accidente\" tabindex=\"-1\" >\n\t\t\tLeer m\u00e1s \u00bb\t\t<\/a>\n\n\t\t\t\t<\/div>\n\t\t\t\t<\/article>\n\t\t\t\t<article class=\"elementor-post elementor-grid-item post-190 post type-post status-publish format-standard hentry category-uncategorized\">\n\t\t\t\t<div class=\"elementor-post__text\">\n\t\t\t\t<h3 class=\"elementor-post__title\">\n\t\t\t<a href=\"https:\/\/accidentes.abogado\/inicio\/quien-paga-los-gastos-medicos-en-caso-de-accidente-de-trafico\/\" >\n\t\t\t\t\u00bfQui\u00e9n paga los gastos m\u00e9dicos en caso de accidente de tr\u00e1fico?\t\t\t<\/a>\n\t\t<\/h3>\n\t\t\t\t<div class=\"elementor-post__excerpt\">\n\t\t\t<p>Los paga la compa\u00f1\u00eda aseguradora del propio lesionado o el causante del accidente, adem\u00e1s, la persona lesionada tiene el derecho a acudir al profesional o<\/p>\n\t\t<\/div>\n\t\t\n\t\t<a class=\"elementor-post__read-more\" href=\"https:\/\/accidentes.abogado\/inicio\/quien-paga-los-gastos-medicos-en-caso-de-accidente-de-trafico\/\" aria-label=\"M\u00e1s informaci\u00f3n sobre \u00bfQui\u00e9n paga los gastos m\u00e9dicos en caso de accidente de tr\u00e1fico?\" tabindex=\"-1\" >\n\t\t\tLeer m\u00e1s \u00bb\t\t<\/a>\n\n\t\t\t\t<\/div>\n\t\t\t\t<\/article>\n\t\t\t\t<article class=\"elementor-post elementor-grid-item post-188 post type-post status-publish format-standard hentry category-uncategorized\">\n\t\t\t\t<div class=\"elementor-post__text\">\n\t\t\t\t<h3 class=\"elementor-post__title\">\n\t\t\t<a href=\"https:\/\/accidentes.abogado\/inicio\/quien-paga-la-asistencia-sanitaria\/\" >\n\t\t\t\t\u00bfQui\u00e9n paga la asistencia sanitaria?\t\t\t<\/a>\n\t\t<\/h3>\n\t\t\t\t<div class=\"elementor-post__excerpt\">\n\t\t\t<p>La\u00a0asistencia sanitaria\u00a0del conductor y de los ocupantes es pagada por la compa\u00f1\u00eda de seguros sin importar qui\u00e9n sea el culpable. La mayor\u00eda de las personas<\/p>\n\t\t<\/div>\n\t\t\n\t\t<a class=\"elementor-post__read-more\" href=\"https:\/\/accidentes.abogado\/inicio\/quien-paga-la-asistencia-sanitaria\/\" aria-label=\"M\u00e1s informaci\u00f3n sobre \u00bfQui\u00e9n paga la asistencia sanitaria?\" tabindex=\"-1\" >\n\t\t\tLeer m\u00e1s \u00bb\t\t<\/a>\n\n\t\t\t\t<\/div>\n\t\t\t\t<\/article>\n\t\t\t\t<article class=\"elementor-post elementor-grid-item post-186 post type-post status-publish format-standard hentry category-uncategorized\">\n\t\t\t\t<div class=\"elementor-post__text\">\n\t\t\t\t<h3 class=\"elementor-post__title\">\n\t\t\t<a href=\"https:\/\/accidentes.abogado\/inicio\/cuanto-me-corresponde-en-una-indemnizacion-por-latigazo\/\" >\n\t\t\t\t\u00bfCu\u00e1nto me corresponde en una indemnizaci\u00f3n por latigazo?\t\t\t<\/a>\n\t\t<\/h3>\n\t\t\t\t<div class=\"elementor-post__excerpt\">\n\t\t\t<p>El latigazo cervical es una lesi\u00f3n que por lo general se produce cuando las colisiones se originan por la parte trasera del veh\u00edculo. Esto se<\/p>\n\t\t<\/div>\n\t\t\n\t\t<a class=\"elementor-post__read-more\" href=\"https:\/\/accidentes.abogado\/inicio\/cuanto-me-corresponde-en-una-indemnizacion-por-latigazo\/\" aria-label=\"M\u00e1s informaci\u00f3n sobre \u00bfCu\u00e1nto me corresponde en una indemnizaci\u00f3n por latigazo?\" tabindex=\"-1\" >\n\t\t\tLeer m\u00e1s \u00bb\t\t<\/a>\n\n\t\t\t\t<\/div>\n\t\t\t\t<\/article>\n\t\t\t\t<article class=\"elementor-post elementor-grid-item post-184 post type-post status-publish format-standard hentry category-uncategorized\">\n\t\t\t\t<div class=\"elementor-post__text\">\n\t\t\t\t<h3 class=\"elementor-post__title\">\n\t\t\t<a href=\"https:\/\/accidentes.abogado\/inicio\/juicio-por-accidente-de-trafico\/\" >\n\t\t\t\tJuicio por accidente de tr\u00e1fico\t\t\t<\/a>\n\t\t<\/h3>\n\t\t\t\t<div class=\"elementor-post__excerpt\">\n\t\t\t<p>El\u00a0Juicio por accidente de tr\u00e1fico\u00a0es un proceso que va luego de la reclamaci\u00f3n a la aseguradora, mediante el cual se hace la solicitud de el<\/p>\n\t\t<\/div>\n\t\t\n\t\t<a class=\"elementor-post__read-more\" href=\"https:\/\/accidentes.abogado\/inicio\/juicio-por-accidente-de-trafico\/\" aria-label=\"M\u00e1s informaci\u00f3n sobre Juicio por accidente de tr\u00e1fico\" tabindex=\"-1\" >\n\t\t\tLeer m\u00e1s \u00bb\t\t<\/a>\n\n\t\t\t\t<\/div>\n\t\t\t\t<\/article>\n\t\t\t\t<article class=\"elementor-post elementor-grid-item post-182 post type-post status-publish format-standard hentry category-uncategorized\">\n\t\t\t\t<div class=\"elementor-post__text\">\n\t\t\t\t<h3 class=\"elementor-post__title\">\n\t\t\t<a href=\"https:\/\/accidentes.abogado\/inicio\/accidente-laboral-in-itinere\/\" >\n\t\t\t\tAccidente laboral in itinere\t\t\t<\/a>\n\t\t<\/h3>\n\t\t\t\t<div class=\"elementor-post__excerpt\">\n\t\t\t<p>El\u00a0Accidente laboral in itinere\u00a0es aquel que ocurre al trabajador durante el desplazamiento desde su lugar de trabajo hasta su domicilio y viceversa.\u200b El accidente en<\/p>\n\t\t<\/div>\n\t\t\n\t\t<a class=\"elementor-post__read-more\" href=\"https:\/\/accidentes.abogado\/inicio\/accidente-laboral-in-itinere\/\" aria-label=\"M\u00e1s informaci\u00f3n sobre Accidente laboral in itinere\" tabindex=\"-1\" >\n\t\t\tLeer m\u00e1s \u00bb\t\t<\/a>\n\n\t\t\t\t<\/div>\n\t\t\t\t<\/article>\n\t\t\t\t<article class=\"elementor-post elementor-grid-item post-180 post type-post status-publish format-standard hentry category-uncategorized\">\n\t\t\t\t<div class=\"elementor-post__text\">\n\t\t\t\t<h3 class=\"elementor-post__title\">\n\t\t\t<a href=\"https:\/\/accidentes.abogado\/inicio\/quien-cubre-los-gastos-medicos-accidente-trafico\/\" >\n\t\t\t\t\u00bfQui\u00e9n cubre los gastos m\u00e9dicos accidente tr\u00e1fico?\t\t\t<\/a>\n\t\t<\/h3>\n\t\t\t\t<div class=\"elementor-post__excerpt\">\n\t\t\t<p>Los\u00a0gastos m\u00e9dicos\u00a0que se originen por un accidente de tr\u00e1fico los debe pagar la compa\u00f1\u00eda de seguros de la persona que lo ha causado. Esta se<\/p>\n\t\t<\/div>\n\t\t\n\t\t<a class=\"elementor-post__read-more\" href=\"https:\/\/accidentes.abogado\/inicio\/quien-cubre-los-gastos-medicos-accidente-trafico\/\" aria-label=\"M\u00e1s informaci\u00f3n sobre \u00bfQui\u00e9n cubre los gastos m\u00e9dicos accidente tr\u00e1fico?\" tabindex=\"-1\" >\n\t\t\tLeer m\u00e1s \u00bb\t\t<\/a>\n\n\t\t\t\t<\/div>\n\t\t\t\t<\/article>\n\t\t\t\t<\/div>\n\t\t\n\t\t\t\t<div class=\"e-load-more-anchor\" data-page=\"1\" data-max-page=\"2\" data-next-page=\"https:\/\/accidentes.abogado\/inicio\/wp-json\/wp\/v2\/pages\/317\/page\/2\/\"><\/div>\n\t\t\t\t<nav class=\"elementor-pagination\" aria-label=\"Paginaci\u00f3n\">\n\t\t\t<span class=\"page-numbers prev\">&laquo; Anterior<\/span>\n<span aria-current=\"page\" class=\"page-numbers current\"><span class=\"elementor-screen-only\">P\u00e1gina<\/span>1<\/span>\n<a class=\"page-numbers\" href=\"https:\/\/accidentes.abogado\/inicio\/wp-json\/wp\/v2\/pages\/317\/page\/2\/\"><span class=\"elementor-screen-only\">P\u00e1gina<\/span>2<\/a>\n<a class=\"page-numbers next\" href=\"https:\/\/accidentes.abogado\/inicio\/wp-json\/wp\/v2\/pages\/317\/page\/2\/\">Siguiente &raquo;<\/a>\t\t<\/nav>\n\t\t\t\t\t\t<\/div>\n\t\t\t\t<\/div>\n\t\t\t\t\t<\/div>\n\t\t\t\t<\/div>\n\t\t\t\t<\/div>\n\t\t","protected":false},"excerpt":{"rendered":"<p>Blog del Abogado de Accidentes de tr\u00e1fico<\/p>\n","protected":false},"author":1,"featured_media":0,"parent":0,"menu_order":0,"comment_status":"closed","ping_status":"closed","template":"","meta":{"_acf_changed":false,"site-sidebar-layout":"no-sidebar","site-content-layout":"","ast-site-content-layout":"full-width-container","site-content-style":"default","site-sidebar-style":"default","ast-global-header-display":"","ast-banner-title-visibility":"","ast-main-header-display":"","ast-hfb-above-header-display":"","ast-hfb-below-header-display":"","ast-hfb-mobile-header-display":"","site-post-title":"disabled","ast-breadcrumbs-content":"","ast-featured-img":"disabled","footer-sml-layout":"","theme-transparent-header-meta":"","adv-header-id-meta":"","stick-header-meta":"","header-above-stick-meta":"","header-main-stick-meta":"","header-below-stick-meta":"","astra-migrate-meta-layouts":"default","ast-page-background-enabled":"default","ast-page-background-meta":{"desktop":{"background-color":"var(--ast-global-color-4)","background-image":"","background-repeat":"repeat","background-position":"center center","background-size":"auto","background-attachment":"scroll","background-type":"","background-media":"","overlay-type":"","overlay-color":"","overlay-opacity":"","overlay-gradient":""},"tablet":{"background-color":"","background-image":"","background-repeat":"repeat","background-position":"center center","background-size":"auto","background-attachment":"scroll","background-type":"","background-media":"","overlay-type":"","overlay-color":"","overlay-opacity":"","overlay-gradient":""},"mobile":{"background-color":"","background-image":"","background-repeat":"repeat","background-position":"center center","background-size":"auto","background-attachment":"scroll","background-type":"","background-media":"","overlay-type":"","overlay-color":"","overlay-opacity":"","overlay-gradient":""}},"ast-content-background-meta":{"desktop":{"background-color":"var(--ast-global-color-5)","background-image":"","background-repeat":"repeat","background-position":"center center","background-size":"auto","background-attachment":"scroll","background-type":"","background-media":"","overlay-type":"","overlay-color":"","overlay-opacity":"","overlay-gradient":""},"tablet":{"background-color":"var(--ast-global-color-5)","background-image":"","background-repeat":"repeat","background-position":"center center","background-size":"auto","background-attachment":"scroll","background-type":"","background-media":"","overlay-type":"","overlay-color":"","overlay-opacity":"","overlay-gradient":""},"mobile":{"background-color":"var(--ast-global-color-5)","background-image":"","background-repeat":"repeat","background-position":"center center","background-size":"auto","background-attachment":"scroll","background-type":"","background-media":"","overlay-type":"","overlay-color":"","overlay-opacity":"","overlay-gradient":""}},"footnotes":""},"tipos-landing":[],"class_list":["post-317","page","type-page","status-publish","hentry"],"acf":[],"_links":{"self":[{"href":"https:\/\/accidentes.abogado\/inicio\/wp-json\/wp\/v2\/pages\/317","targetHints":{"allow":["GET"]}}],"collection":[{"href":"https:\/\/accidentes.abogado\/inicio\/wp-json\/wp\/v2\/pages"}],"about":[{"href":"https:\/\/accidentes.abogado\/inicio\/wp-json\/wp\/v2\/types\/page"}],"author":[{"embeddable":true,"href":"https:\/\/accidentes.abogado\/inicio\/wp-json\/wp\/v2\/users\/1"}],"replies":[{"embeddable":true,"href":"https:\/\/accidentes.abogado\/inicio\/wp-json\/wp\/v2\/comments?post=317"}],"version-history":[{"count":7,"href":"https:\/\/accidentes.abogado\/inicio\/wp-json\/wp\/v2\/pages\/317\/revisions"}],"predecessor-version":[{"id":325,"href":"https:\/\/accidentes.abogado\/inicio\/wp-json\/wp\/v2\/pages\/317\/revisions\/325"}],"wp:attachment":[{"href":"https:\/\/accidentes.abogado\/inicio\/wp-json\/wp\/v2\/media?parent=317"}],"wp:term":[{"taxonomy":"tipos-landing","embeddable":true,"href":"https:\/\/accidentes.abogado\/inicio\/wp-json\/wp\/v2\/tipos-landing?post=317"}],"curies":[{"name":"wp","href":"https:\/\/api.w.org\/{rel}","templated":true}]}}